{"id":13,"date":"2012-06-16T13:31:48","date_gmt":"2012-06-16T13:31:48","guid":{"rendered":"http:\/\/www.ja50.fr\/ja\/?page_id=13"},"modified":"2025-12-04T08:33:10","modified_gmt":"2025-12-04T08:33:10","slug":"ja50","status":"publish","type":"page","link":"http:\/\/www.ja50.fr\/ja\/","title":{"rendered":"JA 50"},"content":{"rendered":"\n<p><\/p>\n\n\n\n<p class=\"has-text-align-center has-medium-font-size\"><img loading=\"lazy\" height=\"16\" width=\"16\" alt=\"\u26a0\ufe0f\" src=\"https:\/\/static.xx.fbcdn.net\/images\/emoji.php\/v9\/tdc\/1\/16\/26a0.png\"> Nous rencontrons actuellement des probl\u00e8mes de t\u00e9l\u00e9phone fixe &#8230; si vous souhaitez nous joindre, <br>vous pouvez nous mettre un mail <img loading=\"lazy\" height=\"16\" width=\"16\" alt=\"\u27a1\ufe0f\" src=\"https:\/\/static.xx.fbcdn.net\/images\/emoji.php\/v9\/t9e\/1\/16\/27a1.png\"> ja50@ja50.fr .<br>Nous sommes d\u00e9sol\u00e9s de la g\u00eane occasionn\u00e9e.<\/p>\n\n\n\n<p class=\"has-text-align-center\" style=\"font-size:41px\"><span style=\"color:#cf2e2e\" class=\"tadv-color\"><strong>Le calendrier des Dieux des Champs <\/strong><\/span><span style=\"color:#cf2e2e\" class=\"tadv-color\"><strong>est de retour !!!<\/strong><\/span><\/p>\n\n\n\n<div class=\"wp-block-image is-style-default\"><figure class=\"aligncenter size-medium\"><a href=\"http:\/\/www.ja50.fr\/ja\/wp-content\/uploads\/2025\/11\/0_Couverture-2026.png\"><img loading=\"lazy\" width=\"300\" height=\"214\" src=\"http:\/\/www.ja50.fr\/ja\/wp-content\/uploads\/2025\/11\/0_Couverture-2026-300x214.png\" alt=\"\" class=\"wp-image-1510\" srcset=\"http:\/\/www.ja50.fr\/ja\/wp-content\/uploads\/2025\/11\/0_Couverture-2026-300x214.png 300w, http:\/\/www.ja50.fr\/ja\/wp-content\/uploads\/2025\/11\/0_Couverture-2026-1024x732.png 1024w, http:\/\/www.ja50.fr\/ja\/wp-content\/uploads\/2025\/11\/0_Couverture-2026-768x549.png 768w, http:\/\/www.ja50.fr\/ja\/wp-content\/uploads\/2025\/11\/0_Couverture-2026-1536x1097.png 1536w, http:\/\/www.ja50.fr\/ja\/wp-content\/uploads\/2025\/11\/0_Couverture-2026-420x300.png 420w, http:\/\/www.ja50.fr\/ja\/wp-content\/uploads\/2025\/11\/0_Couverture-2026.png 2000w\" sizes=\"(max-width: 300px) 100vw, 300px\" \/><\/a><\/figure><\/div>\n\n\n\n<p class=\"has-text-align-center has-medium-font-size\"><strong>Les ventes du calendrier 2026 sont lanc\u00e9es !<\/strong><\/p>\n\n\n\n<p class=\"has-text-align-center has-medium-font-size\">Les diff\u00e9rents <br>points de vente sur le d\u00e9partement :<\/p>\n\n\n\n<p class=\"has-text-align-center\"><strong><u>SOTTEVAST<\/u><\/strong><br><strong>Bureau de vente MLC,<\/strong> 8 route de Valognes 50260 SOTTEVAST<br><em>Du lundi au vendredi de 9h00 \u00e0 16h30&nbsp;; le samedi de 9h00 \u00e0 12h30<\/em><br>02.33.21.73.70<\/p>\n\n\n\n<p class=\"has-text-align-center\"><strong><u>CARENTAN<\/u><\/strong><br><strong>Coordination T\u00e9l\u00e9thon Manche<\/strong>, 35 rue des Fleurs, ST-HILAIRE-PETITVILLE<br>50550 CARENTAN LES MARAIS<br><em>Le mardi de 9h00 \u00e0 12h00 et le samedi de 9h00 \u00e0 12h00<\/em><br>02.33.78.89.67<\/p>\n\n\n\n<p class=\"has-text-align-center\"><strong><u>LA HAYE DU PUITS<\/u><\/strong><br><strong>FEM DIMAGES<\/strong>, 11 Place du G\u00e9n\u00e9ral de Gaulle 50250 LA HAYE-DU-PUITS<br>02.33.46.02.19<\/p>\n\n\n\n<p class=\"has-text-align-center\"><strong><u>SAINT-LO<\/u><\/strong><br><strong>Jeunes Agriculteurs de la Manche<\/strong>, Maison de l\u2019Agriculture, Avenue de Paris 50000 SAINT-LO<br>02.33.06.48.22<\/p>\n\n\n\n<p class=\"has-text-align-center\"><strong><u>BREHAL<\/u><\/strong><br><strong>FEM DIMAGES<\/strong>, 6 Avenue Eisenhower 50290 BREHAL<br>02.33.61.63.34<\/p>\n\n\n\n<p class=\"has-text-align-center\"><strong><u>GRANVILLE<\/u><\/strong><br><strong>FEM DIMAGES<\/strong>, 97 Rue Couraye 50400 GRANVILLE<br>02.33.50.42.50<\/p>\n\n\n\n<p class=\"has-text-align-center\"><strong><u>BARENTON<\/u><\/strong><br><strong>Mon Jardin Secret<\/strong>, 2 rue Robert Schuman 50720 BARENTON <br>02.33.49.82.33<\/p>\n\n\n\n<p class=\"has-text-align-center\" style=\"font-size:28px\"><strong>Vous pouvez \u00e9galement vous le procurer par envoi courrier:<\/strong><\/p>\n\n\n\n<p class=\"has-text-align-center\" style=\"font-size:24px\"><strong>Veuillez trouver les tarifs avec les frais de port pour les envois courriers:<\/strong><\/p>\n\n\n\n<figure class=\"wp-block-image size-large\"><a href=\"http:\/\/www.ja50.fr\/ja\/wp-content\/uploads\/2025\/11\/tarifs-envoie-2025-calendriers.png\"><img loading=\"lazy\" width=\"1024\" height=\"750\" src=\"http:\/\/www.ja50.fr\/ja\/wp-content\/uploads\/2025\/11\/tarifs-envoie-2025-calendriers-1024x750.png\" alt=\"\" class=\"wp-image-1507\" srcset=\"http:\/\/www.ja50.fr\/ja\/wp-content\/uploads\/2025\/11\/tarifs-envoie-2025-calendriers-1024x750.png 1024w, http:\/\/www.ja50.fr\/ja\/wp-content\/uploads\/2025\/11\/tarifs-envoie-2025-calendriers-300x220.png 300w, http:\/\/www.ja50.fr\/ja\/wp-content\/uploads\/2025\/11\/tarifs-envoie-2025-calendriers-768x563.png 768w, http:\/\/www.ja50.fr\/ja\/wp-content\/uploads\/2025\/11\/tarifs-envoie-2025-calendriers-1536x1126.png 1536w, http:\/\/www.ja50.fr\/ja\/wp-content\/uploads\/2025\/11\/tarifs-envoie-2025-calendriers-409x300.png 409w, http:\/\/www.ja50.fr\/ja\/wp-content\/uploads\/2025\/11\/tarifs-envoie-2025-calendriers.png 1853w\" sizes=\"(max-width: 1024px) 100vw, 1024px\" \/><\/a><\/figure>\n\n\n\n<p class=\"has-text-align-center has-medium-font-size\">Merci d&rsquo;envoyer <mark>un ch\u00e8que \u00e0 l&rsquo;ordre de JA Manche<\/mark>, \u00e0 l&rsquo;adresse<br>Jeunes Agriculteurs Manche<br>Maison de l&rsquo;Agriculture<br>Avenue de Paris<br>50 000 SAINT LO<br>En pr\u00e9cisant bien, le <mark>nombre de calendrier<\/mark> que vous souhaitez, <mark>votre nom, pr\u00e9nom, adresse postale compl\u00e8te<\/mark> \u00e0 laquelle nous devons vous envoyer vos calendriers, ainsi qu&rsquo;un num\u00e9ro de t\u00e9l\u00e9phone svp.<br><br>Paiement par virement possible, merci de nous contacter par mail (ja50@ja50.fr) pour avoir le RIB.<\/p>\n\n\n\n<p class=\"has-text-align-center has-medium-font-size\">Pour tout besoin d&rsquo;informations compl\u00e9mentaires, n&rsquo;h\u00e9sitez pas : <br>ja50@ja50.fr &#8211; 02.33.06.48.22<\/p>\n\n\n\n<p class=\"has-text-align-center has-medium-font-size\">Si vous souhaitez voir ou revoir le teaser 2024, c&rsquo;est par ici :<br> <a rel=\"noreferrer noopener\" href=\"https:\/\/www.youtube.com\/watch?v=5xSQRaCcCL4\" target=\"_blank\">https:\/\/www.youtube.com\/watch?v=5xSQRaCcCL4<\/a><\/p>\n\n\n\n<p><span style=\"color:#ffffff\" class=\"tadv-color\">.<\/span><\/p>\n\n\n\n<p class=\"has-text-align-center has-vivid-red-color has-text-color has-huge-font-size\"><strong>Festival de la Terre et de la Ruralit\u00e9<\/strong> <strong>2026<\/strong><\/p>\n\n\n\n<p class=\"has-text-align-center has-medium-font-size\">L&rsquo;\u00e9dition 2026 aura lieu le <strong>dimanche 6 septembre <\/strong><br><strong>\u00e0 Sartilly<\/strong>!<br>Plus d&rsquo;infos sur cette \u00e9dition, courant 2026, sur l&rsquo;onglet <a rel=\"noreferrer noopener\" href=\"http:\/\/www.ja50.fr\/ja\/communication\/festival-de-la-terre-et-de-la-ruralite\/\" data-type=\"URL\" data-id=\"http:\/\/www.ja50.fr\/ja\/communication\/festival-de-la-terre-et-de-la-ruralite\/\" target=\"_blank\"><strong>Festival<\/strong> <\/a>!<\/p>\n\n\n\n<p><span style=\"color:#ffffff\" class=\"tadv-color\">.<\/span><\/p>\n\n\n\n<div class=\"wp-block-image\"><figure class=\"aligncenter size-medium\"><a href=\"http:\/\/www.ja50.fr\/ja\/wp-content\/uploads\/2025\/07\/Affiche-ok-JPG.jpg\"><img loading=\"lazy\" width=\"212\" height=\"300\" src=\"http:\/\/www.ja50.fr\/ja\/wp-content\/uploads\/2025\/07\/Affiche-ok-JPG-212x300.jpg\" alt=\"\" class=\"wp-image-1486\" srcset=\"http:\/\/www.ja50.fr\/ja\/wp-content\/uploads\/2025\/07\/Affiche-ok-JPG-212x300.jpg 212w, http:\/\/www.ja50.fr\/ja\/wp-content\/uploads\/2025\/07\/Affiche-ok-JPG-724x1024.jpg 724w, http:\/\/www.ja50.fr\/ja\/wp-content\/uploads\/2025\/07\/Affiche-ok-JPG-768x1086.jpg 768w, http:\/\/www.ja50.fr\/ja\/wp-content\/uploads\/2025\/07\/Affiche-ok-JPG-1086x1536.jpg 1086w, http:\/\/www.ja50.fr\/ja\/wp-content\/uploads\/2025\/07\/Affiche-ok-JPG-1448x2048.jpg 1448w, http:\/\/www.ja50.fr\/ja\/wp-content\/uploads\/2025\/07\/Affiche-ok-JPG.jpg 1587w\" sizes=\"(max-width: 212px) 100vw, 212px\" \/><\/a><\/figure><\/div>\n\n\n\n<p class=\"has-text-align-center\"><\/p>\n\n\n\n<h2 class=\"has-text-align-center\" style=\"font-size:60px\"><strong><span style=\"color:#cf2e2e\" class=\"tadv-color\">3e \u00e9dition des JNA !<\/span><\/strong><\/h2>\n\n\n\n<p class=\"has-text-align-center has-black-color has-text-color\">Venez rencontrer les jeunes agriculteurs locaux sur leur ferme pour d\u00e9couvrir leur quotidien et \u00e9changer avec eux !<br>Vous pouvez d\u00e9j\u00e0 noter le <span style=\"color:#cf2e2e\" class=\"tadv-color\"><strong>dimanche 18 juin<\/strong> <strong>202<\/strong><\/span><strong><span style=\"color:#cf2e2e\" class=\"tadv-color\">3<\/span><\/strong> dans votre agenda :<\/p>\n\n\n\n<ul><li>Dans le <strong>Nord de la Manche<\/strong>: RDV au GAEC d&rsquo;Ozouville qui vous ouvrira ses portes:<br><a href=\"https:\/\/openagenda.com\/jna2023\/events\/visite-de-ferme-2565400\" target=\"_blank\" rel=\"noreferrer noopener\">https:\/\/openagenda.com\/jna2023\/events\/visite-de-ferme-2565400 <\/a><\/li><\/ul>\n\n\n\n<figure class=\"wp-block-image size-large\"><a href=\"http:\/\/www.ja50.fr\/ja\/wp-content\/uploads\/2023\/04\/Banderoles-LA-Hague-JNA-2023.png\"><img loading=\"lazy\" width=\"1024\" height=\"358\" src=\"http:\/\/www.ja50.fr\/ja\/wp-content\/uploads\/2023\/04\/Banderoles-LA-Hague-JNA-2023-1024x358.png\" alt=\"\" class=\"wp-image-1356\" srcset=\"http:\/\/www.ja50.fr\/ja\/wp-content\/uploads\/2023\/04\/Banderoles-LA-Hague-JNA-2023-1024x358.png 1024w, http:\/\/www.ja50.fr\/ja\/wp-content\/uploads\/2023\/04\/Banderoles-LA-Hague-JNA-2023-300x105.png 300w, http:\/\/www.ja50.fr\/ja\/wp-content\/uploads\/2023\/04\/Banderoles-LA-Hague-JNA-2023-768x269.png 768w, http:\/\/www.ja50.fr\/ja\/wp-content\/uploads\/2023\/04\/Banderoles-LA-Hague-JNA-2023-1536x538.png 1536w, http:\/\/www.ja50.fr\/ja\/wp-content\/uploads\/2023\/04\/Banderoles-LA-Hague-JNA-2023-2048x717.png 2048w, http:\/\/www.ja50.fr\/ja\/wp-content\/uploads\/2023\/04\/Banderoles-LA-Hague-JNA-2023-500x175.png 500w\" sizes=\"(max-width: 1024px) 100vw, 1024px\" \/><\/a><\/figure>\n\n\n\n<p><strong>Au programme diff\u00e9rents p\u00f4les:<\/strong><\/p>\n\n\n\n<ul><li>les vaches laiti\u00e8res ;<\/li><li>les veaux ;<\/li><li>la salle de traite ;<\/li><li>l&rsquo;alimentation animale ;<\/li><li>une unit\u00e9 de m\u00e9thanisation;<\/li><li>une mini ferme avec diff\u00e9rents animaux ;<\/li><li>des d\u00e9gustations de produits locaux ;<\/li><li>un march\u00e9 du terroir ;<\/li><li>mais aussi des ateliers, des jeux, des animations pour les enfants !<\/li><\/ul>\n\n\n\n<p class=\"has-text-align-center\"><strong><span style=\"color:#ff6900\" class=\"tadv-color\">Informations compl\u00e9mentaires sur nos fermes ouvertes au 02.33.06.48.22<\/span><\/strong><\/p>\n\n\n\n<p class=\"has-text-align-center\">Pour plus d&rsquo;infos sur les Journ\u00e9es Nationales de l&rsquo;Agriculture: <a href=\"https:\/\/journeesagriculture.fr\/\" target=\"_blank\" rel=\"noreferrer noopener\">https:\/\/journeesagriculture.fr\/<\/a><\/p>\n\n\n\n<h2 class=\"has-text-align-center has-huge-font-size\"><span style=\"font-size: 36pt;\"><span style=\"color:#cf2e2e\" class=\"tadv-color\">Le calendrier des dieux des champs 2022<\/span><\/span><\/h2>\n\n\n\n<p class=\"has-text-align-center\"><strong>Le fameux calendrier des JA de la Manche au profit du T\u00e9l\u00e9thon : <\/strong><br><strong>\u00c7a fait 10 ans que \u00e7a dure gr\u00e2ce \u00e0 vous !<br><\/strong><\/p>\n\n\n\n<p class=\"has-text-align-center\">En best-off pour les 10 ans: les photos des ann\u00e9es pr\u00e9c\u00e9dentes !<strong><br><\/strong><\/p>\n\n\n\n<div class=\"wp-block-image\"><figure class=\"aligncenter size-large\"><a href=\"http:\/\/www.ja50.fr\/ja\/wp-content\/uploads\/2021\/11\/0_couverture.png\"><img loading=\"lazy\" width=\"1024\" height=\"724\" src=\"http:\/\/www.ja50.fr\/ja\/wp-content\/uploads\/2021\/11\/0_couverture-1024x724.png\" alt=\"\" class=\"wp-image-1284\" srcset=\"http:\/\/www.ja50.fr\/ja\/wp-content\/uploads\/2021\/11\/0_couverture-1024x724.png 1024w, http:\/\/www.ja50.fr\/ja\/wp-content\/uploads\/2021\/11\/0_couverture-300x212.png 300w, http:\/\/www.ja50.fr\/ja\/wp-content\/uploads\/2021\/11\/0_couverture-768x543.png 768w, http:\/\/www.ja50.fr\/ja\/wp-content\/uploads\/2021\/11\/0_couverture-1536x1086.png 1536w, http:\/\/www.ja50.fr\/ja\/wp-content\/uploads\/2021\/11\/0_couverture-424x300.png 424w, http:\/\/www.ja50.fr\/ja\/wp-content\/uploads\/2021\/11\/0_couverture.png 2000w\" sizes=\"(max-width: 1024px) 100vw, 1024px\" \/><\/a><\/figure><\/div>\n\n\n\n<p class=\"has-text-align-center\"><strong>Renseignements: mail: ja50@ja50.fr &#8211; 02.33.06.48.22<\/strong><\/p>\n\n\n\n<p class=\"has-text-align-center has-huge-font-size\"><strong>Festival de la Terre c&rsquo;est reparti !<\/strong><\/p>\n\n\n\n<div class=\"wp-block-columns\">\n<div class=\"wp-block-column\">\n<div class=\"wp-block-image\"><figure class=\"alignright size-large is-resized\"><a href=\"http:\/\/www.ja50.fr\/ja\/wp-content\/uploads\/2021\/07\/Affiche-FTR-2021.jpg\"><img loading=\"lazy\" src=\"http:\/\/www.ja50.fr\/ja\/wp-content\/uploads\/2021\/07\/Affiche-FTR-2021-722x1024.jpg\" alt=\"\" class=\"wp-image-1254\" width=\"241\" height=\"341\" srcset=\"http:\/\/www.ja50.fr\/ja\/wp-content\/uploads\/2021\/07\/Affiche-FTR-2021-722x1024.jpg 722w, http:\/\/www.ja50.fr\/ja\/wp-content\/uploads\/2021\/07\/Affiche-FTR-2021-211x300.jpg 211w, http:\/\/www.ja50.fr\/ja\/wp-content\/uploads\/2021\/07\/Affiche-FTR-2021-768x1089.jpg 768w, http:\/\/www.ja50.fr\/ja\/wp-content\/uploads\/2021\/07\/Affiche-FTR-2021-1083x1536.jpg 1083w, http:\/\/www.ja50.fr\/ja\/wp-content\/uploads\/2021\/07\/Affiche-FTR-2021-1444x2048.jpg 1444w, http:\/\/www.ja50.fr\/ja\/wp-content\/uploads\/2021\/07\/Affiche-FTR-2021.jpg 1749w\" sizes=\"(max-width: 241px) 100vw, 241px\" \/><\/a><\/figure><\/div>\n<\/div>\n\n\n\n<div class=\"wp-block-column\">\n<p><\/p>\n\n\n\n<p class=\"has-text-align-center\">2021<\/p>\n\n\n\n<p class=\"has-text-align-center\"><\/p>\n\n\n\n<p class=\"has-text-align-center\"><br><\/p>\n<\/div>\n<\/div>\n\n\n\n<p class=\"has-text-align-center\"><\/p>\n\n\n\n<p><\/p>\n\n\n\n<h1 class=\"has-text-align-center\">Les 1\u00e8res Journ\u00e9es Nationales de l&rsquo;Agriculture en 2021 !<\/h1>\n\n\n\n<p class=\"has-text-align-center\">Venez rencontrer les jeunes agriculteurs locaux sur leur ferme pour d\u00e9couvrir leur quotidien et \u00e9changer avec eux !<br>RDV tout le we du 18 au 20 juin:<\/p>\n\n\n\n<ul><li><strong>A St Jean de la Haize, chez Samuel le vendredi 18 juin de 13h30 \u00e0 17h et samedi 19 juin de 10h \u00e0 17h<\/strong>:<br><a rel=\"noreferrer noopener\" href=\"https:\/\/openagenda.com\/jna2021\/events\/visite-de-ferme?oaq%5Blocation%5D=70500811&amp;lang=fr\" target=\"_blank\">https:\/\/openagenda.com\/jna2021\/events\/visite-de-ferme?oaq%5Blocation%5D=70500811&amp;lang=fr<\/a><\/li><li><strong>Au Mesnil au Val, chez Vincent le dimanche 20 juin de 10h \u00e0 17h:<\/strong><br><a rel=\"noreferrer noopener\" href=\"https:\/\/openagenda.com\/jna2021\/events\/visite-dexploitation?oaq%5BneLat%5D=49.66718340948491&amp;oaq%5BneLng%5D=-1.4028167724609375&amp;oaq%5BswLat%5D=49.53367611417688&amp;oaq%5BswLng%5D=-1.6225433349609373&amp;lang=fr\" target=\"_blank\">https:\/\/openagenda.com\/jna2021\/events\/visite-dexploitation?oaq%5BneLat%5D=49.66718340948491&amp;oaq%5BneLng%5D=-1.4028167724609375&amp;oaq%5BswLat%5D=49.53367611417688&amp;oaq%5BswLng%5D=-1.6225433349609373&amp;lang=fr<\/a><\/li><\/ul>\n\n\n\n<div class=\"wp-block-columns\">\n<div class=\"wp-block-column\" style=\"flex-basis:100%\">\n<div class=\"wp-block-image\"><figure class=\"aligncenter size-large is-resized\"><a href=\"http:\/\/www.ja50.fr\/ja\/wp-content\/uploads\/2021\/05\/JNA-Facebook-Banniere.jpg\"><img loading=\"lazy\" src=\"http:\/\/www.ja50.fr\/ja\/wp-content\/uploads\/2021\/05\/JNA-Facebook-Banniere.jpg\" alt=\"\" class=\"wp-image-1248\" width=\"522\" height=\"193\" srcset=\"http:\/\/www.ja50.fr\/ja\/wp-content\/uploads\/2021\/05\/JNA-Facebook-Banniere.jpg 852w, http:\/\/www.ja50.fr\/ja\/wp-content\/uploads\/2021\/05\/JNA-Facebook-Banniere-300x111.jpg 300w, http:\/\/www.ja50.fr\/ja\/wp-content\/uploads\/2021\/05\/JNA-Facebook-Banniere-768x285.jpg 768w, http:\/\/www.ja50.fr\/ja\/wp-content\/uploads\/2021\/05\/JNA-Facebook-Banniere-500x185.jpg 500w\" sizes=\"(max-width: 522px) 100vw, 522px\" \/><\/a><\/figure><\/div>\n<\/div>\n<\/div>\n\n\n\n<p>Au programme diff\u00e9rents p\u00f4les:<\/p>\n\n\n\n<ul><li>les vaches laiti\u00e8res<\/li><li>les veaux<\/li><li>le roto ou le robot pour la traite<\/li><li>l&rsquo;alimentation animale<\/li><li>le mat\u00e9riel agricole<\/li><li>une mini ferme<\/li><li>la conduite de tracteur<\/li><li>des d\u00e9gustations de produits locaux<\/li><li>mais aussi des ateliers, des jeux, des animations pour les enfants<\/li><\/ul>\n\n\n\n<p class=\"has-text-align-center\"><strong>Informations compl\u00e9mentaires au 02.33.06.48.22<\/strong><\/p>\n\n\n\n<p class=\"has-text-align-center\">Pour plus d&rsquo;infos sur les Journ\u00e9es Nationales de l&rsquo;Agriculture: <a rel=\"noreferrer noopener\" href=\"https:\/\/openagenda.com\/jna2021?lang=fr\" data-type=\"URL\" data-id=\"https:\/\/openagenda.com\/jna2021?lang=fr\" target=\"_blank\">https:\/\/openagenda.com\/jna2021?lang=fr<\/a><\/p>\n\n\n\n<p><\/p>\n\n\n\n<p><\/p>\n\n\n\n<h1 class=\"has-text-align-center\">JA, CUMA, SR: j&rsquo;adh\u00e8re !<\/h1>\n\n\n\n<p class=\"has-text-align-center\">N&rsquo;h\u00e9sitez pas \u00e0 venir nous retrouver sur ces soir\u00e9es d&rsquo;\u00e9changes !<br>C&rsquo;est pr\u00e8s de chez vous et gratuit ! Inscription obligatoire<\/p>\n\n\n\n<h1 class=\"has-text-align-center\"><span style=\"color: #ff0000;\">Les dates 2020 sont sorties:<br><\/span><\/h1>\n\n\n\n<h1 class=\"has-text-align-center\"><span style=\"color: #ff0000;\">25 juin et 2 juillet !<\/span><\/h1>\n\n\n\n<div class=\"wp-block-image\"><figure class=\"aligncenter\"><img loading=\"lazy\" width=\"1024\" height=\"1024\" src=\"http:\/\/www.ja50.fr\/ja\/wp-content\/uploads\/2021\/05\/Flyer-V2-juin-juillet-PNG-1024x1024.png\" alt=\"\" class=\"wp-image-1244\" srcset=\"http:\/\/www.ja50.fr\/ja\/wp-content\/uploads\/2021\/05\/Flyer-V2-juin-juillet-PNG-1024x1024.png 1024w, http:\/\/www.ja50.fr\/ja\/wp-content\/uploads\/2021\/05\/Flyer-V2-juin-juillet-PNG-300x300.png 300w, http:\/\/www.ja50.fr\/ja\/wp-content\/uploads\/2021\/05\/Flyer-V2-juin-juillet-PNG-150x150.png 150w, http:\/\/www.ja50.fr\/ja\/wp-content\/uploads\/2021\/05\/Flyer-V2-juin-juillet-PNG-768x768.png 768w, http:\/\/www.ja50.fr\/ja\/wp-content\/uploads\/2021\/05\/Flyer-V2-juin-juillet-PNG-1536x1536.png 1536w, http:\/\/www.ja50.fr\/ja\/wp-content\/uploads\/2021\/05\/Flyer-V2-juin-juillet-PNG.png 1654w\" sizes=\"(max-width: 1024px) 100vw, 1024px\" \/><\/figure><\/div>\n\n\n\n<h1><span style=\"font-size: 36pt;\">Festival de la Terre et de la Ruralit\u00e9 2020<\/span><\/h1>\n\n\n\n<h1><strong><img loading=\"lazy\" class=\"alignleft wp-image-1185 \" src=\"http:\/\/www.ja50.fr\/ja\/wp-content\/uploads\/2020\/07\/AFFICHE-FDL-2020-PNG-212x300.png\" alt=\"\" width=\"252\" height=\"357\" srcset=\"http:\/\/www.ja50.fr\/ja\/wp-content\/uploads\/2020\/07\/AFFICHE-FDL-2020-PNG-212x300.png 212w, http:\/\/www.ja50.fr\/ja\/wp-content\/uploads\/2020\/07\/AFFICHE-FDL-2020-PNG-724x1024.png 724w, http:\/\/www.ja50.fr\/ja\/wp-content\/uploads\/2020\/07\/AFFICHE-FDL-2020-PNG-768x1086.png 768w, http:\/\/www.ja50.fr\/ja\/wp-content\/uploads\/2020\/07\/AFFICHE-FDL-2020-PNG-1086x1536.png 1086w, http:\/\/www.ja50.fr\/ja\/wp-content\/uploads\/2020\/07\/AFFICHE-FDL-2020-PNG.png 1240w\" sizes=\"(max-width: 252px) 100vw, 252px\" \/><\/strong><\/h1>\n\n\n\n<div style=\"text-align: center;\"><a style=\"text-align: center; text-decoration: none; color: #ffffff; background: #ca0c4c; padding: .4em 1em; margin: auto;\" href=\"https:\/\/www.weezevent.com\/festival-de-la-terre-et-de-la-ruralite\">Achetez vos billets<\/a><\/div>\n\n\n\n<p><\/p>\n\n\n\n<p class=\"has-text-align-center\">En 2020, le festival aura lieu le <span style=\"text-decoration: underline; font-size: 14pt;\"><strong>di<\/strong><strong>manche 6 septembre<\/strong><\/span> \u00e0 <span style=\"text-decoration: underline; color: #000000;\"><strong>St Clair sur l&rsquo;Elle<\/strong><\/span> (pr\u00e8s de St L\u00f4)<\/p>\n\n\n\n<p class=\"has-text-align-center\"><strong>Cette ann\u00e9e, les billets sont exclusivement en vente sur internet ! Nombre de places limit\u00e9, achetez vite vos billets en cliquant sur le bouton \u00ab\u00a0Achetez vos billets\u00a0\u00bb ci-dessus !<\/strong><\/p>\n\n\n\n<p class=\"has-text-align-center\"><em>Plus d&rsquo;infos dans l&rsquo;onglet \u00ab\u00a0Communication\u00a0\u00bb -&gt; \u00ab\u00a0Festival de la Terre et de la Ruralit\u00e9\u00a0\u00bb<\/em><\/p>\n\n\n\n<h1><span style=\"text-decoration: underline;\"><strong>En 2017, c&rsquo;\u00e9tait les 60 ans des JA !<\/strong><\/span><\/h1>\n\n\n\n<div class=\"wp-block-image\"><figure class=\"aligncenter\"><a href=\"http:\/\/www.ja50.fr\/ja\/wp-content\/uploads\/2012\/06\/logo-JA-60ans.jpg\"><img loading=\"lazy\" width=\"1009\" height=\"1024\" src=\"http:\/\/www.ja50.fr\/ja\/wp-content\/uploads\/2012\/06\/logo-JA-60ans-1009x1024.jpg\" alt=\"logo JA 60ans\" class=\"wp-image-1044\" srcset=\"http:\/\/www.ja50.fr\/ja\/wp-content\/uploads\/2012\/06\/logo-JA-60ans-1009x1024.jpg 1009w, http:\/\/www.ja50.fr\/ja\/wp-content\/uploads\/2012\/06\/logo-JA-60ans-295x300.jpg 295w, http:\/\/www.ja50.fr\/ja\/wp-content\/uploads\/2012\/06\/logo-JA-60ans.jpg 1016w\" sizes=\"(max-width: 1009px) 100vw, 1009px\" \/><\/a><\/figure><\/div>\n\n\n\n<h1><span style=\"text-decoration: underline;\"><span style=\"color: #800000; font-weight: bold; text-decoration: underline;\">2016 : l&rsquo;\u00e9tape du beurre !<\/span><\/span><\/h1>\n\n\n\n<div class=\"wp-block-image\"><figure class=\"aligncenter\"><img loading=\"lazy\" width=\"698\" height=\"323\" src=\"http:\/\/www.ja50.fr\/ja\/wp-content\/uploads\/2012\/06\/Mont-St-Michel.jpg\" alt=\"Mont St Michel\" class=\"wp-image-968\" srcset=\"http:\/\/www.ja50.fr\/ja\/wp-content\/uploads\/2012\/06\/Mont-St-Michel.jpg 698w, http:\/\/www.ja50.fr\/ja\/wp-content\/uploads\/2012\/06\/Mont-St-Michel-300x138.jpg 300w, http:\/\/www.ja50.fr\/ja\/wp-content\/uploads\/2012\/06\/Mont-St-Michel-500x231.jpg 500w\" sizes=\"(max-width: 698px) 100vw, 698px\" \/><\/figure><\/div>\n\n\n\n<p>Les JA de la Manche ont anim\u00e9 le Tour de France 2016 !! Un v\u00e9lo-baratte pour fabriquer du beurre, l\u2019\u00e9tape 2 : St-L\u00f4 \u2013 Cherbourg de 182 km, alors objectif : 182 kg de beurre !! Des bonhommes de paille d\u00e9cor\u00e9s aux couleurs des maillots du Tour, indiquaient le point kilom\u00e9trique sur l\u2019\u00e9tape !<\/p>\n\n\n\n<div class=\"wp-block-image\"><figure class=\"aligncenter\"><a href=\"http:\/\/www.ja50.fr\/ja\/wp-content\/uploads\/2012\/06\/bonhomme2013.jpg\" target=\"_blank\" rel=\"noopener noreferrer\"><img loading=\"lazy\" width=\"965\" height=\"1024\" src=\"http:\/\/www.ja50.fr\/ja\/wp-content\/uploads\/2012\/06\/bonhomme2013-965x1024.jpg\" alt=\"bonhomme2013\" class=\"wp-image-970\" srcset=\"http:\/\/www.ja50.fr\/ja\/wp-content\/uploads\/2012\/06\/bonhomme2013-965x1024.jpg 965w, http:\/\/www.ja50.fr\/ja\/wp-content\/uploads\/2012\/06\/bonhomme2013-282x300.jpg 282w\" sizes=\"(max-width: 965px) 100vw, 965px\" \/><\/a><\/figure><\/div>\n","protected":false},"excerpt":{"rendered":"<p>Nous rencontrons actuellement des probl\u00e8mes de t\u00e9l\u00e9phone fixe &#8230; si vous souhaitez nous joindre, vous pouvez nous mettre un mail ja50@ja50.fr .Nous sommes d\u00e9sol\u00e9s de la g\u00eane occasionn\u00e9e. Le calendrier des Dieux des Champs est de retour !!! Les ventes &hellip; <a href=\"http:\/\/www.ja50.fr\/ja\/\">Lire la suite <span class=\"meta-nav\">&rarr;<\/span><\/a><\/p>\n","protected":false},"author":1,"featured_media":1115,"parent":0,"menu_order":1,"comment_status":"open","ping_status":"open","template":"sidebar-page.php","meta":{"ngg_post_thumbnail":0,"_monsterinsights_skip_tracking":false,"_monsterinsights_sitenote_active":false,"_monsterinsights_sitenote_note":"","_monsterinsights_sitenote_category":0},"_links":{"self":[{"href":"http:\/\/www.ja50.fr\/ja\/wp-json\/wp\/v2\/pages\/13"}],"collection":[{"href":"http:\/\/www.ja50.fr\/ja\/wp-json\/wp\/v2\/pages"}],"about":[{"href":"http:\/\/www.ja50.fr\/ja\/wp-json\/wp\/v2\/types\/page"}],"author":[{"embeddable":true,"href":"http:\/\/www.ja50.fr\/ja\/wp-json\/wp\/v2\/users\/1"}],"replies":[{"embeddable":true,"href":"http:\/\/www.ja50.fr\/ja\/wp-json\/wp\/v2\/comments?post=13"}],"version-history":[{"count":276,"href":"http:\/\/www.ja50.fr\/ja\/wp-json\/wp\/v2\/pages\/13\/revisions"}],"predecessor-version":[{"id":1513,"href":"http:\/\/www.ja50.fr\/ja\/wp-json\/wp\/v2\/pages\/13\/revisions\/1513"}],"wp:featuredmedia":[{"embeddable":true,"href":"http:\/\/www.ja50.fr\/ja\/wp-json\/wp\/v2\/media\/1115"}],"wp:attachment":[{"href":"http:\/\/www.ja50.fr\/ja\/wp-json\/wp\/v2\/media?parent=13"}],"curies":[{"name":"wp","href":"https:\/\/api.w.org\/{rel}","templated":true}]}}