{"id":15,"date":"2012-06-16T13:32:21","date_gmt":"2012-06-16T13:32:21","guid":{"rendered":"http:\/\/www.ja50.fr\/ja\/?page_id=15"},"modified":"2015-04-01T07:57:03","modified_gmt":"2015-04-01T07:57:03","slug":"le-syndicat","status":"publish","type":"page","link":"http:\/\/www.ja50.fr\/ja\/le-syndicat\/","title":{"rendered":"Le syndicat"},"content":{"rendered":"<div>\n<p style=\"text-align: justify;\">Fond\u00e9 en 1957, Jeunes Agriculteurs est le seul syndicat professionnel compos\u00e9 exclusivement de jeunes de moins de 35 ans.<\/p>\n<div>\n<h1>Les 5 fondamentaux de JA\u2026<\/h1>\n<\/div>\n<p><strong>\u00a0\u2026\u00a0pour r\u00e9pondre \u00e0 un seul objectif qui est le renouvellement des g\u00e9n\u00e9rations en agriculture.<\/strong><\/p>\n<ul>\n<li style=\"text-align: justify;\"><strong><\/strong><strong>D\u00e9fendre<\/strong> les int\u00e9r\u00eats des jeunes agriculteurs, et ceux en phase d\u2019installation<\/li>\n<li style=\"text-align: justify;\"><strong>Proposer<\/strong> des id\u00e9es novatrices pour l\u2019avenir de la profession<\/li>\n<li style=\"text-align: justify;\"><strong>Former<\/strong> de futurs responsables syndicaux, d\u2019entreprises coop\u00e9ratives et de projets<\/li>\n<li style=\"text-align: justify;\"><strong>Communiquer<\/strong> sur le m\u00e9tier d\u2019agriculteur dont il s\u2019agit de valoriser le r\u00f4le dans la soci\u00e9t\u00e9, la qualit\u00e9 de vie, et l\u2019\u00e9panouissement personnel.<\/li>\n<li style=\"text-align: justify;\"><strong>Animer<\/strong> le milieu rural \u00e0 travers l\u2019organisation d\u2019\u00e9v\u00e9nements conviviaux et l\u2019implication des adh\u00e9rents dans les diverses instances locales de d\u00e9veloppement.<\/li>\n<\/ul>\n<p style=\"text-align: justify;\">Les Jeunes Agriculteurs de la Manche organisent, tout au long de l\u2019ann\u00e9e, des op\u00e9rations de communication ou d\u2019information afin d\u2019atteindre ces objectifs.<\/p>\n<div>\n<div>\n<h1>Le fonctionnement du syndicat<\/h1>\n<\/div>\n<\/div>\n<p style=\"text-align: justify;\">Le syndicat des Jeunes Agriculteurs de la Manche regroupe pr\u00e8s de 500 jeunes de moins de 35 ans ayant tous un lien avec l\u2019agriculture : \u00e9tudiants, salari\u00e9s agricoles, aides familiaux, exploitants agricoles\u2026<\/p>\n<div style=\"text-align: justify;\"><\/div>\n<p style=\"text-align: justify;\">Les adh\u00e9rents de la Manche sont regroup\u00e9s au sein de 22 cantons qui assurent ainsi l\u2019animation du tissu rural. En effet, les structures cantonales organisent r\u00e9guli\u00e8rement des r\u00e9unions et des soir\u00e9es conviviales.<\/p>\n<p style=\"text-align: justify;\">Il existe ensuite des repr\u00e9sentations \u00e0 chaque \u00e9chelle du territoire. Ceci permet de faire remonter les probl\u00e9matiques locales au niveau national mais \u00e9galement de faire redescendre des informations du national \u00e0 l\u2019\u00e9chelon local.<\/p>\n<\/div>\n","protected":false},"excerpt":{"rendered":"<p>Fond\u00e9 en 1957, Jeunes Agriculteurs est le seul syndicat professionnel compos\u00e9 exclusivement de jeunes de moins de 35 ans. Les 5 fondamentaux de JA\u2026 \u00a0\u2026\u00a0pour r\u00e9pondre \u00e0 un seul objectif qui est le renouvellement des g\u00e9n\u00e9rations en agriculture. D\u00e9fendre les &hellip; <a href=\"http:\/\/www.ja50.fr\/ja\/le-syndicat\/\">Lire la suite <span class=\"meta-nav\">&rarr;<\/span><\/a><\/p>\n","protected":false},"author":1,"featured_media":0,"parent":0,"menu_order":2,"comment_status":"open","ping_status":"open","template":"","meta":{"ngg_post_thumbnail":0,"_monsterinsights_skip_tracking":false,"_monsterinsights_sitenote_active":false,"_monsterinsights_sitenote_note":"","_monsterinsights_sitenote_category":0},"_links":{"self":[{"href":"http:\/\/www.ja50.fr\/ja\/wp-json\/wp\/v2\/pages\/15"}],"collection":[{"href":"http:\/\/www.ja50.fr\/ja\/wp-json\/wp\/v2\/pages"}],"about":[{"href":"http:\/\/www.ja50.fr\/ja\/wp-json\/wp\/v2\/types\/page"}],"author":[{"embeddable":true,"href":"http:\/\/www.ja50.fr\/ja\/wp-json\/wp\/v2\/users\/1"}],"replies":[{"embeddable":true,"href":"http:\/\/www.ja50.fr\/ja\/wp-json\/wp\/v2\/comments?post=15"}],"version-history":[{"count":13,"href":"http:\/\/www.ja50.fr\/ja\/wp-json\/wp\/v2\/pages\/15\/revisions"}],"predecessor-version":[{"id":160,"href":"http:\/\/www.ja50.fr\/ja\/wp-json\/wp\/v2\/pages\/15\/revisions\/160"}],"wp:attachment":[{"href":"http:\/\/www.ja50.fr\/ja\/wp-json\/wp\/v2\/media?parent=15"}],"curies":[{"name":"wp","href":"https:\/\/api.w.org\/{rel}","templated":true}]}}