{"id":21,"date":"2012-06-16T13:33:42","date_gmt":"2012-06-16T13:33:42","guid":{"rendered":"http:\/\/www.ja50.fr\/ja\/?page_id=21"},"modified":"2012-07-26T10:34:44","modified_gmt":"2012-07-26T10:34:44","slug":"nos-acquis","status":"publish","type":"page","link":"http:\/\/www.ja50.fr\/ja\/le-syndicat\/nos-acquis\/","title":{"rendered":"Nos acquis"},"content":{"rendered":"<p>&nbsp;<\/p>\n<div>\n<div>\n<div>\n<h1>Les Acquis Syndicaux<\/h1>\n<\/div>\n<\/div>\n<p style=\"text-align: justify;\">Gr\u00e2ce aux commissions r\u00e9unies au sein des JA 50 (syndicale, formation, d\u00e9veloppement, structure, lait, l\u00e9gumes, etc\u2026), ainsi qu\u2019\u00e0 la mobilisation des adh\u00e9rents, les jeunes agriculteurs r\u00e9fl\u00e9chissent ensemble \u00e0 une politique la mieux adapt\u00e9e \u00e0 leurs besoins.<\/p>\n<p>Ainsi, ce combat a permis d\u2019obtenir\u00a0:<\/p>\n<ul>\n<li>La Dotation Jeunes Agriculteurs<\/li>\n<\/ul>\n<ul>\n<li>Les Pr\u00eats Bonifi\u00e9s Jeunes Agriculteurs<\/li>\n<\/ul>\n<ul>\n<li>EARL (Entreprise Agricole \u00e0 Responsabilit\u00e9 Limit\u00e9e).<\/li>\n<\/ul>\n<ul>\n<li>Statut de la conjointe avec possibilit\u00e9 DJA.<\/li>\n<\/ul>\n<ul>\n<li>Le GAEC P\u00e8re \/ Fils (Groupement Agricole d\u2019Exploitation en Commun).<\/li>\n<\/ul>\n<ul>\n<li>La mise en place des services de remplacement et du cong\u00e9 maternit\u00e9 des agricultrices.<\/li>\n<\/ul>\n<ul>\n<li>Une exon\u00e9ration partielle des cotisations sociales pour les trois premi\u00e8res ann\u00e9es\u00a0d\u2019installation.<\/li>\n<\/ul>\n<ul>\n<li>Des aides \u00e0 la formation.<\/li>\n<\/ul>\n<ul>\n<li>La cr\u00e9ation du R\u00e9pertoire D\u00e9part \/ Installation.<\/li>\n<\/ul>\n<ul>\n<li>Le dossier Manche en collaboration avec les organisations professionnelles et les\u00a0\u00e9lus (cessation laiti\u00e8re + aides \u00e0 la diversification).<\/li>\n<\/ul>\n<ul>\n<li>La r\u00e9duction des cotisations GROUPAMA (charte GROUPAMA).<\/li>\n<\/ul>\n<ul>\n<li>La r\u00e9duction du co\u00fbt du contr\u00f4le laitier.<\/li>\n<\/ul>\n<ul>\n<li>La gratuit\u00e9 du contr\u00f4le sanitaire.<\/li>\n<\/ul>\n<ul>\n<li>La mise \u00e0 disposition de journ\u00e9es de techniciens pour un suivi \u00e0 l\u2019installation (3 journ\u00e9es) financ\u00e9es par le Conseil G\u00e9n\u00e9ral.<\/li>\n<\/ul>\n<ul>\n<li>Des aides (du Conseil G\u00e9n\u00e9ral) pour effectuer des stages \u00e0 l\u2019\u00e9tranger.<\/li>\n<\/ul>\n<ul>\n<li>Des aides pour la mise en conformit\u00e9 des b\u00e2timents d\u2019\u00e9levage (Conseil G\u00e9n\u00e9ral).<\/li>\n<\/ul>\n<ul>\n<li>Des exp\u00e9riences de pr\u00e9-installations en l\u00e9gumes.<\/li>\n<\/ul>\n<ul>\n<li>L\u2019exon\u00e9ration de la TIPP pour le premier semestre 2008<\/li>\n<\/ul>\n<p>Ci-dessous la liste des acquis syndicaux par ann\u00e9e :<\/p>\n<p><a href=\"http:\/\/www.ja50.fr\/ja\/wp-content\/uploads\/2012\/07\/acquis_syndicaux_2011.pdf\" target=\"_blank\">Les acquis syndicaux des JA en 2011<\/a>;<\/p>\n<p><a href=\"http:\/\/www.ja50.fr\/ja\/wp-content\/uploads\/2012\/07\/Acquis-2010.pdf\" target=\"_blank\">Les acquis syndicaux des JA en 2010<\/a> ;<\/p>\n<p><a href=\"http:\/\/www.ja50.fr\/ja\/wp-content\/uploads\/2012\/07\/20091027_acquis2009_version_A4.pdf\" target=\"_blank\">Les acquis syndicaux des JA en 2009<\/a> ;<\/p>\n<p><a href=\"http:\/\/www.ja50.fr\/ja\/wp-content\/uploads\/2012\/07\/20081104_acquis2008_version_a4.pdf\" target=\"_blank\">Les acquis syndicaux des JA en 2008<\/a>.<\/p>\n<\/div>\n","protected":false},"excerpt":{"rendered":"<p>&nbsp; Les Acquis Syndicaux Gr\u00e2ce aux commissions r\u00e9unies au sein des JA 50 (syndicale, formation, d\u00e9veloppement, structure, lait, l\u00e9gumes, etc\u2026), ainsi qu\u2019\u00e0 la mobilisation des adh\u00e9rents, les jeunes agriculteurs r\u00e9fl\u00e9chissent ensemble \u00e0 une politique la mieux adapt\u00e9e \u00e0 leurs besoins. &hellip; <a href=\"http:\/\/www.ja50.fr\/ja\/le-syndicat\/nos-acquis\/\">Lire la suite <span class=\"meta-nav\">&rarr;<\/span><\/a><\/p>\n","protected":false},"author":1,"featured_media":0,"parent":15,"menu_order":0,"comment_status":"open","ping_status":"open","template":"","meta":{"ngg_post_thumbnail":0,"_monsterinsights_skip_tracking":false,"_monsterinsights_sitenote_active":false,"_monsterinsights_sitenote_note":"","_monsterinsights_sitenote_category":0},"_links":{"self":[{"href":"http:\/\/www.ja50.fr\/ja\/wp-json\/wp\/v2\/pages\/21"}],"collection":[{"href":"http:\/\/www.ja50.fr\/ja\/wp-json\/wp\/v2\/pages"}],"about":[{"href":"http:\/\/www.ja50.fr\/ja\/wp-json\/wp\/v2\/types\/page"}],"author":[{"embeddable":true,"href":"http:\/\/www.ja50.fr\/ja\/wp-json\/wp\/v2\/users\/1"}],"replies":[{"embeddable":true,"href":"http:\/\/www.ja50.fr\/ja\/wp-json\/wp\/v2\/comments?post=21"}],"version-history":[{"count":12,"href":"http:\/\/www.ja50.fr\/ja\/wp-json\/wp\/v2\/pages\/21\/revisions"}],"predecessor-version":[{"id":226,"href":"http:\/\/www.ja50.fr\/ja\/wp-json\/wp\/v2\/pages\/21\/revisions\/226"}],"up":[{"embeddable":true,"href":"http:\/\/www.ja50.fr\/ja\/wp-json\/wp\/v2\/pages\/15"}],"wp:attachment":[{"href":"http:\/\/www.ja50.fr\/ja\/wp-json\/wp\/v2\/media?parent=21"}],"curies":[{"name":"wp","href":"https:\/\/api.w.org\/{rel}","templated":true}]}}