{"id":25,"date":"2012-06-16T13:37:29","date_gmt":"2012-06-16T13:37:29","guid":{"rendered":"http:\/\/www.ja50.fr\/ja\/?page_id=25"},"modified":"2025-03-31T10:13:13","modified_gmt":"2025-03-31T10:13:13","slug":"nos-partenaires","status":"publish","type":"page","link":"http:\/\/www.ja50.fr\/ja\/le-syndicat\/nos-partenaires\/","title":{"rendered":"Nos partenaires"},"content":{"rendered":"<table style=\"width: 101.311%; height: 2731px;\">\n<tbody>\n<tr style=\"height: 235px;\">\n<td style=\"width: 51.7065%; height: 98px;\">\n<h2>ORGANISMES ET SITES INTERNET<\/h2>\n<\/td>\n<td style=\"width: 44.3738%; height: 98px;\">\n<h2>COORDONN\u00c9ES<\/h2>\n<\/td>\n<\/tr>\n<tr style=\"height: 164px;\">\n<td style=\"width: 51.7065%; height: 164px;\"><a href=\"http:\/\/www.ja50.fr\/ja\/wp-content\/uploads\/2012\/06\/Logo-PAI-2017.jpg\" target=\"_blank\" rel=\"noopener noreferrer\"><img loading=\"lazy\" class=\"alignnone wp-image-1072\" src=\"http:\/\/www.ja50.fr\/ja\/wp-content\/uploads\/2012\/06\/Logo-PAI-2017.jpg\" alt=\"Logo PAI 2017\" width=\"275\" height=\"92\" srcset=\"http:\/\/www.ja50.fr\/ja\/wp-content\/uploads\/2012\/06\/Logo-PAI-2017.jpg 988w, http:\/\/www.ja50.fr\/ja\/wp-content\/uploads\/2012\/06\/Logo-PAI-2017-300x100.jpg 300w, http:\/\/www.ja50.fr\/ja\/wp-content\/uploads\/2012\/06\/Logo-PAI-2017-500x167.jpg 500w\" sizes=\"(max-width: 275px) 100vw, 275px\" \/><\/a><\/td>\n<td style=\"width: 44.3738%; text-align: left; height: 164px;\"><a href=\"http:\/\/www.sinstallerenagriculture.fr\/\" target=\"_blank\" rel=\"noopener noreferrer\">Point Accueil Installation<\/a><br>Avenue de Paris 50 000 St-L\u00f4<br><strong>Tel : 02 33 06 46 69<\/strong><\/td>\n<\/tr>\n<tr style=\"height: 104px;\" valign=\"middle\">\n<td style=\"width: 51.7065%; height: 104px;\"><a href=\"http:\/\/www.ja50.fr\/ja\/wp-content\/uploads\/2012\/06\/ACTIS2.jpg\" target=\"_blank\" rel=\"noopener noreferrer\"><img loading=\"lazy\" class=\"alignleft wp-image-174 \" title=\"ACTIS\" src=\"http:\/\/www.ja50.fr\/ja\/wp-content\/uploads\/2012\/06\/ACTIS2.jpg\" alt=\"\" width=\"119\" height=\"44\"><\/a>Actis Environnement<\/td>\n<td style=\"width: 44.3738%; height: 104px;\">Rue Andr\u00e9 Malraux 50 009 St-L\u00f4<strong><br><\/strong><strong>Tel : 02 33 06 93 14<\/strong><\/td>\n<\/tr>\n<tr style=\"height: 40px;\" valign=\"middle\">\n<td style=\"width: 51.7065%; height: 40px;\">&nbsp;<\/td>\n<td style=\"width: 44.3738%; height: 40px;\">&nbsp;<\/td>\n<\/tr>\n<tr style=\"height: 101px;\">\n<td style=\"width: 51.7065%; height: 101px;\"><a href=\"https:\/\/gds50.com\/\" target=\"_blank\" rel=\"noopener noreferrer\"><img loading=\"lazy\" class=\"alignleft wp-image-176\" title=\"adasea50\" src=\"http:\/\/www.ja50.fr\/ja\/wp-content\/uploads\/2012\/06\/GDS-50-couleur.bmp\" alt=\"\" width=\"120\" height=\"90\"><\/a><a href=\"https:\/\/gds50.com\/\" target=\"_blank\" rel=\"noopener noreferrer\">GDS<\/a>: <strong>G<\/strong>roupement de <strong>D<\/strong>\u00e9fense <strong>S<\/strong>anitaire de la Manche<\/td>\n<td style=\"width: 44.3738%; height: 101px;\">Avenue de Paris 50 000 St-L\u00f4<br><strong>Tel : 02 33 06 48 00<\/strong><\/td>\n<\/tr>\n<tr style=\"height: 124px;\">\n<td style=\"width: 51.7065%; height: 124px;\"><a href=\"http:\/\/www.agrial.com\/\" target=\"_blank\" rel=\"noopener noreferrer\"><img loading=\"lazy\" class=\"alignleft size-full wp-image-203\" title=\"AGRIAL\" src=\"http:\/\/www.ja50.fr\/ja\/wp-content\/uploads\/2012\/06\/AGRIAL.jpg\" alt=\"\" width=\"100\" height=\"56\"><\/a><a title=\"Ouvre ce lien externe dans une nouvelle fen\u00eatre\" href=\"http:\/\/www.agrial.com\/\" target=\"_blank\" rel=\"noopener noreferrer\">Agrial<\/a><\/td>\n<td style=\"width: 44.3738%; height: 124px;\">4, rue Roquemonts 14 000 Caen<br><strong>Tel : 02 31 45 43 43<\/strong><\/td>\n<\/tr>\n<tr style=\"height: 200px;\">\n<td style=\"width: 51.7065%; height: 200px;\"><a href=\"https:\/\/www.evolution-xy.fr\/\" target=\"_blank\" rel=\"noopener noreferrer\">Innoval<\/a><img loading=\"lazy\" class=\"wp-image-1359 size-medium alignleft\" src=\"http:\/\/www.ja50.fr\/ja\/wp-content\/uploads\/2023\/04\/logo-Innoval-Aout-2021-300x92.jpg\" alt=\"\" width=\"300\" height=\"92\" srcset=\"http:\/\/www.ja50.fr\/ja\/wp-content\/uploads\/2023\/04\/logo-Innoval-Aout-2021-300x92.jpg 300w, http:\/\/www.ja50.fr\/ja\/wp-content\/uploads\/2023\/04\/logo-Innoval-Aout-2021.jpg 358w\" sizes=\"(max-width: 300px) 100vw, 300px\" \/><\/td>\n<td style=\"width: 44.3738%; height: 200px;\">Rue Eric Tabarly &#8211; 35538 NOYAL SUR VILAINE<br><strong>Tel : 02 99 87 90 90<br><\/strong><\/td>\n<\/tr>\n<tr style=\"height: 99px;\">\n<td style=\"width: 51.7065%; height: 99px;\"><img loading=\"lazy\" class=\"wp-image-1360 size-medium aligncenter\" src=\"http:\/\/www.ja50.fr\/ja\/wp-content\/uploads\/2023\/04\/AS-NORMANDIE-2022-300x72.png\" alt=\"\" width=\"300\" height=\"72\" srcset=\"http:\/\/www.ja50.fr\/ja\/wp-content\/uploads\/2023\/04\/AS-NORMANDIE-2022-300x72.png 300w, http:\/\/www.ja50.fr\/ja\/wp-content\/uploads\/2023\/04\/AS-NORMANDIE-2022-1024x246.png 1024w, http:\/\/www.ja50.fr\/ja\/wp-content\/uploads\/2023\/04\/AS-NORMANDIE-2022-768x184.png 768w, http:\/\/www.ja50.fr\/ja\/wp-content\/uploads\/2023\/04\/AS-NORMANDIE-2022-1536x369.png 1536w, http:\/\/www.ja50.fr\/ja\/wp-content\/uploads\/2023\/04\/AS-NORMANDIE-2022-2048x491.png 2048w, http:\/\/www.ja50.fr\/ja\/wp-content\/uploads\/2023\/04\/AS-NORMANDIE-2022-500x120.png 500w\" sizes=\"(max-width: 300px) 100vw, 300px\" \/><a title=\"Ouvre ce lien externe dans une nouvelle fen\u00eatre\" href=\"http:\/\/asnormandie.fr\/\" target=\"_blank\" rel=\"noopener noreferrer\">AS Normandie<\/a>: Accompagnement Strat\u00e9gique<\/td>\n<td style=\"width: 44.3738%; height: 99px;\">Avenue de Paris 50 000 St-L\u00f4<br><strong>Tel : 02 33 06 48 55<\/strong><\/td>\n<\/tr>\n<tr style=\"height: 116px;\">\n<td style=\"width: 51.7065%; height: 116px;\"><img loading=\"lazy\" class=\"aligncenter wp-image-1468 \" src=\"http:\/\/www.ja50.fr\/ja\/wp-content\/uploads\/2025\/03\/BPGO-2024-2-300x221.png\" alt=\"\" width=\"176\" height=\"130\" srcset=\"http:\/\/www.ja50.fr\/ja\/wp-content\/uploads\/2025\/03\/BPGO-2024-2-300x221.png 300w, http:\/\/www.ja50.fr\/ja\/wp-content\/uploads\/2025\/03\/BPGO-2024-2-408x300.png 408w, http:\/\/www.ja50.fr\/ja\/wp-content\/uploads\/2025\/03\/BPGO-2024-2.png 714w\" sizes=\"(max-width: 176px) 100vw, 176px\" \/><a href=\"https:\/\/www.bpgo.banquepopulaire.fr\/portailinternet\/Pages\/default.aspx\" target=\"_blank\" rel=\"noopener noreferrer\">BPO<\/a>: Banque Populaire de l&rsquo;Ouest<\/td>\n<td style=\"width: 44.3738%; height: 116px;\">12 Rue de Neufbourg 50000 Saint-L\u00f4<br><strong>Tel : 02 61 59 00 00<\/strong><\/td>\n<\/tr>\n<tr style=\"height: 123px;\">\n<td style=\"width: 51.7065%; height: 123px;\"><a href=\"http:\/\/www.50.cerfrance.fr\/\" target=\"_blank\" rel=\"noopener noreferrer\"><img loading=\"lazy\" class=\"alignleft\" title=\"CER FRANCE manche couleur\" src=\"http:\/\/www.ja50.fr\/ja\/wp-content\/uploads\/2012\/06\/Nouveau-LOGO-CERFRANCE.jpg\" alt=\"\" width=\"144\" height=\"88\"><\/a><a title=\"Ouvre ce lien externe dans une nouvelle fen\u00eatre\" href=\"http:\/\/www.50.cerfrance.fr\/\" target=\"_blank\" rel=\"noopener noreferrer\">CER:&nbsp;<\/a>Conseil aux Chefs d\u2019entreprise, Gestion, Expertise comptable.<\/td>\n<td style=\"width: 44.3738%; height: 123px;\">Rue Andr\u00e9 Malraux 50 009 St L\u00f4<strong><br><\/strong><strong>Tel : 02 33 06 93 50<\/strong><\/td>\n<\/tr>\n<tr style=\"height: 220px;\">\n<td style=\"width: 51.7065%; height: 220px;\"><img loading=\"lazy\" class=\"wp-image-1464 size-thumbnail aligncenter\" title=\"CDAM_50\" src=\"http:\/\/www.ja50.fr\/ja\/wp-content\/uploads\/2025\/03\/CA_MANCHE-150x150.jpg\" alt=\"\" width=\"150\" height=\"150\"><a href=\"https:\/\/normandie.chambres-agriculture.fr\/\" target=\"_blank\" rel=\"noopener noreferrer\">Chambre d&rsquo;agriculture de la Manche<\/a><\/td>\n<td style=\"width: 44.3738%; height: 220px;\">Avenue de Paris 50 000 St-L\u00f4<br><strong>Tel : 02 33 06 48 48<\/strong><\/td>\n<\/tr>\n<tr style=\"height: 197px;\">\n<td style=\"width: 51.7065%; height: 197px;\"><img loading=\"lazy\" class=\"aligncenter wp-image-1361 size-medium\" title=\"conseilg\" src=\"http:\/\/www.ja50.fr\/ja\/wp-content\/uploads\/2023\/04\/Conseil-dep-Manche-mars2022-300x73.png\" alt=\"\" width=\"300\" height=\"73\" srcset=\"http:\/\/www.ja50.fr\/ja\/wp-content\/uploads\/2023\/04\/Conseil-dep-Manche-mars2022-300x73.png 300w, http:\/\/www.ja50.fr\/ja\/wp-content\/uploads\/2023\/04\/Conseil-dep-Manche-mars2022-1024x251.png 1024w, http:\/\/www.ja50.fr\/ja\/wp-content\/uploads\/2023\/04\/Conseil-dep-Manche-mars2022-768x188.png 768w, http:\/\/www.ja50.fr\/ja\/wp-content\/uploads\/2023\/04\/Conseil-dep-Manche-mars2022-1536x376.png 1536w, http:\/\/www.ja50.fr\/ja\/wp-content\/uploads\/2023\/04\/Conseil-dep-Manche-mars2022-500x122.png 500w, http:\/\/www.ja50.fr\/ja\/wp-content\/uploads\/2023\/04\/Conseil-dep-Manche-mars2022.png 1703w\" sizes=\"(max-width: 300px) 100vw, 300px\" \/><a href=\"https:\/\/www.manche.fr\/conseil-departemental\/\">Conseil D\u00e9partemental de la Manche<\/a><\/td>\n<td style=\"width: 44.3738%; height: 197px;\">Route de Villedieu 50 000 St-L\u00f4<strong><br><\/strong><strong>Tel : 02 33<\/strong> <strong>05 95 00<\/strong><\/td>\n<\/tr>\n<tr style=\"height: 104px;\">\n<td style=\"width: 51.7065%; height: 104px;\"><img loading=\"lazy\" class=\"aligncenter wp-image-1474 size-medium\" title=\"cr\u00e9dit agricole normandie\" src=\"http:\/\/www.ja50.fr\/ja\/wp-content\/uploads\/2025\/03\/CRCA-2023-300x148.jpg\" alt=\"\" width=\"300\" height=\"148\" srcset=\"http:\/\/www.ja50.fr\/ja\/wp-content\/uploads\/2025\/03\/CRCA-2023-300x148.jpg 300w, http:\/\/www.ja50.fr\/ja\/wp-content\/uploads\/2025\/03\/CRCA-2023-1024x505.jpg 1024w, http:\/\/www.ja50.fr\/ja\/wp-content\/uploads\/2025\/03\/CRCA-2023-768x378.jpg 768w, http:\/\/www.ja50.fr\/ja\/wp-content\/uploads\/2025\/03\/CRCA-2023-1536x757.jpg 1536w, http:\/\/www.ja50.fr\/ja\/wp-content\/uploads\/2025\/03\/CRCA-2023-2048x1009.jpg 2048w, http:\/\/www.ja50.fr\/ja\/wp-content\/uploads\/2025\/03\/CRCA-2023-500x246.jpg 500w\" sizes=\"(max-width: 300px) 100vw, 300px\" \/><a title=\"Ouvre ce lien externe dans une nouvelle fen\u00eatre\" href=\"http:\/\/www.ca-normandie.fr\/\" target=\"_blank\" rel=\"noopener noreferrer\">Cr\u00e9dit Agricole de Normandie <\/a><\/td>\n<td style=\"width: 44.3738%; height: 104px;\">Avenue de Paris 50 000 St-L\u00f4 <strong>Tel : 02 33 06 81 61<\/strong><\/td>\n<\/tr>\n<tr style=\"height: 100px;\">\n<td style=\"width: 51.7065%; height: 100px;\"><img loading=\"lazy\" class=\"alignleft wp-image-1170 \" title=\"cr\u00e9dit mut\" src=\"http:\/\/www.ja50.fr\/ja\/wp-content\/uploads\/2020\/06\/credit-mutuel-mars-2017-allong\u00e9-300x61.jpg\" alt=\"\" width=\"202\" height=\"41\" srcset=\"http:\/\/www.ja50.fr\/ja\/wp-content\/uploads\/2020\/06\/credit-mutuel-mars-2017-allong\u00e9-300x61.jpg 300w, http:\/\/www.ja50.fr\/ja\/wp-content\/uploads\/2020\/06\/credit-mutuel-mars-2017-allong\u00e9-500x101.jpg 500w, http:\/\/www.ja50.fr\/ja\/wp-content\/uploads\/2020\/06\/credit-mutuel-mars-2017-allong\u00e9.jpg 737w\" sizes=\"(max-width: 202px) 100vw, 202px\" \/><a href=\"https:\/\/www.creditmutuel.fr\/cmmabn\/fr\/index.html\" target=\"_blank\" rel=\"noopener noreferrer\">Cr\u00e9dit Mutuel<\/a><\/td>\n<td style=\"width: 44.3738%; height: 100px;\">5 rue du creuset 50 004 St-L\u00f4<br><strong>Tel : 08 20 00 12 04<\/strong><\/td>\n<\/tr>\n<tr style=\"height: 198px;\">\n<td style=\"width: 51.7065%; height: 198px;\"><a href=\"https:\/\/www.fdsea50.fr\/\" target=\"_blank\" rel=\"noopener noreferrer\"><img loading=\"lazy\" class=\"alignleft\" title=\"FDSEA\" src=\"http:\/\/www.ja50.fr\/ja\/wp-content\/uploads\/2012\/06\/FDSEA.jpg\" alt=\"\" width=\"100\" height=\"101\"><\/a><a href=\"https:\/\/www.fdsea50.fr\/\" target=\"_blank\" rel=\"noopener noreferrer\">FDSEA 50<\/a> : <strong>F<\/strong>\u00e9d\u00e9ration <strong>D<\/strong>\u00e9partementale des <strong>S<\/strong>yndicats d\u2019<strong>E<\/strong>xploitants <strong>A<\/strong>gricoles<\/td>\n<td style=\"width: 44.3738%; height: 198px;\">Avenue de Paris 50 000 St-L\u00f4<br><strong>Tel : 02 33 06 48 32<\/strong><\/td>\n<\/tr>\n<tr style=\"height: 151px;\">\n<td style=\"width: 51.7065%; height: 151px;\"><a href=\"http:\/\/www.ja50.fr\/ja\/wp-content\/uploads\/2012\/06\/n\u00e9goce.jpg\"><img loading=\"lazy\" class=\"alignleft size-full wp-image-209\" title=\"n\u00e9goce\" src=\"http:\/\/www.ja50.fr\/ja\/wp-content\/uploads\/2012\/06\/n\u00e9goce.jpg\" alt=\"\" width=\"100\" height=\"72\"><\/a>F\u00e9d\u00e9ration des n\u00e9gociants en grains &#8211; engrais &#8211; aliment du b\u00e9tail et produits du sol de la Manche<\/td>\n<td style=\"width: 44.3738%; height: 151px;\">&nbsp;<\/td>\n<\/tr>\n<tr style=\"height: 167px;\">\n<td style=\"width: 51.7065%; height: 167px;\"><img loading=\"lazy\" class=\"aligncenter wp-image-1465 size-medium\" title=\"groupama national\" src=\"http:\/\/www.ja50.fr\/ja\/wp-content\/uploads\/2025\/03\/gcm_hor_vert_2024-300x104.png\" alt=\"\" width=\"300\" height=\"104\" srcset=\"http:\/\/www.ja50.fr\/ja\/wp-content\/uploads\/2025\/03\/gcm_hor_vert_2024-300x104.png 300w, http:\/\/www.ja50.fr\/ja\/wp-content\/uploads\/2025\/03\/gcm_hor_vert_2024-1024x354.png 1024w, http:\/\/www.ja50.fr\/ja\/wp-content\/uploads\/2025\/03\/gcm_hor_vert_2024-768x265.png 768w, http:\/\/www.ja50.fr\/ja\/wp-content\/uploads\/2025\/03\/gcm_hor_vert_2024-1536x531.png 1536w, http:\/\/www.ja50.fr\/ja\/wp-content\/uploads\/2025\/03\/gcm_hor_vert_2024-500x173.png 500w, http:\/\/www.ja50.fr\/ja\/wp-content\/uploads\/2025\/03\/gcm_hor_vert_2024.png 1890w\" sizes=\"(max-width: 300px) 100vw, 300px\" \/><a title=\"Ouvre ce lien externe dans une nouvelle fen\u00eatre\" href=\"https:\/\/www.groupama.fr\/assurance-agricole\/?cr=gcm\/\" target=\"_blank\" rel=\"noopener noreferrer\">Groupama<\/a><\/td>\n<td style=\"width: 44.3738%; height: 167px;\">Rue du Neufbourg 50 000 St-L\u00f4<br><strong>Tel : 02 33 06 73 02<\/strong><\/td>\n<\/tr>\n<tr style=\"height: 250px;\">\n<td style=\"width: 51.7065%; height: 250px;\"><a href=\"http:\/\/www.maitres-laitiers.fr\/HP\/HPMLC.aspx?lang=FR\" target=\"_blank\" rel=\"noopener noreferrer\"><img loading=\"lazy\" class=\"alignleft size-full wp-image-204\" title=\"MLC\" src=\"http:\/\/www.ja50.fr\/ja\/wp-content\/uploads\/2012\/06\/MLC.jpg\" alt=\"\" width=\"100\" height=\"132\"><\/a><a title=\"Ouvre ce lien externe dans une nouvelle fen\u00eatre\" href=\"http:\/\/www.maitres-laitiers.fr\/HP\/HPMLC.aspx?lang=FR\" target=\"_blank\" rel=\"noopener noreferrer\">Ma\u00eetres laitiers du Cotentin<\/a><\/td>\n<td style=\"width: 44.3738%; height: 250px;\">Route de Valognes 50 260 Sottevast<br><strong>Tel : 02 33 41 37 75<\/strong><\/td>\n<\/tr>\n<tr style=\"height: 175px;\">\n<td style=\"width: 51.7065%; height: 175px;\"><a href=\"https:\/\/www.littoral-normand.fr\/\" target=\"_blank\" rel=\"noopener noreferrer\"><img loading=\"lazy\" class=\"alignleft wp-image-1173\" title=\"manche conseil elevage (ancien SCL)\" src=\"http:\/\/www.ja50.fr\/ja\/wp-content\/uploads\/2020\/06\/Littoral-Normand-juin-2018-300x168.jpg\" alt=\"\" width=\"155\" height=\"87\" srcset=\"http:\/\/www.ja50.fr\/ja\/wp-content\/uploads\/2020\/06\/Littoral-Normand-juin-2018-300x168.jpg 300w, http:\/\/www.ja50.fr\/ja\/wp-content\/uploads\/2020\/06\/Littoral-Normand-juin-2018-1024x575.jpg 1024w, http:\/\/www.ja50.fr\/ja\/wp-content\/uploads\/2020\/06\/Littoral-Normand-juin-2018-768x431.jpg 768w, http:\/\/www.ja50.fr\/ja\/wp-content\/uploads\/2020\/06\/Littoral-Normand-juin-2018-1536x862.jpg 1536w, http:\/\/www.ja50.fr\/ja\/wp-content\/uploads\/2020\/06\/Littoral-Normand-juin-2018-2048x1150.jpg 2048w, http:\/\/www.ja50.fr\/ja\/wp-content\/uploads\/2020\/06\/Littoral-Normand-juin-2018-500x281.jpg 500w\" sizes=\"(max-width: 155px) 100vw, 155px\" \/><\/a><a title=\"Ouvre ce lien externe dans une nouvelle fen\u00eatre\" href=\"http:\/\/www.littoral-normand.fr\/\" target=\"_blank\" rel=\"noopener noreferrer\">Littoral Normand&nbsp; <\/a><\/td>\n<td style=\"width: 44.3738%; height: 175px;\">Avenue de Paris 50 000 St L\u00f4<br><strong>Tel : 02 33 06 48 48<\/strong><\/td>\n<\/tr>\n<\/tbody>\n<\/table>\n\n\n<p><\/p>\n","protected":false},"excerpt":{"rendered":"<p>ORGANISMES ET SITES INTERNET COORDONN\u00c9ES Point Accueil InstallationAvenue de Paris 50 000 St-L\u00f4Tel : 02 33 06 46 69 Actis Environnement Rue Andr\u00e9 Malraux 50 009 St-L\u00f4Tel : 02 33 06 93 14 &nbsp; &nbsp; GDS: Groupement de D\u00e9fense Sanitaire &hellip; <a href=\"http:\/\/www.ja50.fr\/ja\/le-syndicat\/nos-partenaires\/\">Lire la suite <span class=\"meta-nav\">&rarr;<\/span><\/a><\/p>\n","protected":false},"author":1,"featured_media":0,"parent":15,"menu_order":0,"comment_status":"open","ping_status":"open","template":"","meta":{"ngg_post_thumbnail":0,"_monsterinsights_skip_tracking":false,"_monsterinsights_sitenote_active":false,"_monsterinsights_sitenote_note":"","_monsterinsights_sitenote_category":0},"_links":{"self":[{"href":"http:\/\/www.ja50.fr\/ja\/wp-json\/wp\/v2\/pages\/25"}],"collection":[{"href":"http:\/\/www.ja50.fr\/ja\/wp-json\/wp\/v2\/pages"}],"about":[{"href":"http:\/\/www.ja50.fr\/ja\/wp-json\/wp\/v2\/types\/page"}],"author":[{"embeddable":true,"href":"http:\/\/www.ja50.fr\/ja\/wp-json\/wp\/v2\/users\/1"}],"replies":[{"embeddable":true,"href":"http:\/\/www.ja50.fr\/ja\/wp-json\/wp\/v2\/comments?post=25"}],"version-history":[{"count":98,"href":"http:\/\/www.ja50.fr\/ja\/wp-json\/wp\/v2\/pages\/25\/revisions"}],"predecessor-version":[{"id":1475,"href":"http:\/\/www.ja50.fr\/ja\/wp-json\/wp\/v2\/pages\/25\/revisions\/1475"}],"up":[{"embeddable":true,"href":"http:\/\/www.ja50.fr\/ja\/wp-json\/wp\/v2\/pages\/15"}],"wp:attachment":[{"href":"http:\/\/www.ja50.fr\/ja\/wp-json\/wp\/v2\/media?parent=25"}],"curies":[{"name":"wp","href":"https:\/\/api.w.org\/{rel}","templated":true}]}}