{"id":357,"date":"2012-08-01T14:49:34","date_gmt":"2012-08-01T14:49:34","guid":{"rendered":"http:\/\/www.ja50.fr\/ja\/?page_id=357"},"modified":"2015-08-03T10:00:16","modified_gmt":"2015-08-03T10:00:16","slug":"plan-de-developpement-de-lexploitation","status":"publish","type":"page","link":"http:\/\/www.ja50.fr\/ja\/installation\/plan-de-developpement-de-lexploitation\/","title":{"rendered":"Plan d&rsquo;Entreprise"},"content":{"rendered":"<p style=\"text-align: justify;\">Le Plan d&rsquo;Entreprise (PE) est une \u00e9tude technico-\u00e9conomique pr\u00e9visionnelle sur 4 ans. Il fait apparaitre les capacit\u00e9s techniques et \u00e9conomiques de la nouvelle exploitation, ainsi que le plan de financement des investissements.<\/p>\n<p style=\"text-align: justify;\">Cette \u00e9tape est indispensable pour tout jeune sollicitant le b\u00e9n\u00e9fice des aides pour financer son exploitation.<\/p>\n","protected":false},"excerpt":{"rendered":"<p>Le Plan d&rsquo;Entreprise (PE) est une \u00e9tude technico-\u00e9conomique pr\u00e9visionnelle sur 4 ans. Il fait apparaitre les capacit\u00e9s techniques et \u00e9conomiques de la nouvelle exploitation, ainsi que le plan de financement des investissements. Cette \u00e9tape est indispensable pour tout jeune sollicitant &hellip; <a href=\"http:\/\/www.ja50.fr\/ja\/installation\/plan-de-developpement-de-lexploitation\/\">Lire la suite <span class=\"meta-nav\">&rarr;<\/span><\/a><\/p>\n","protected":false},"author":1,"featured_media":0,"parent":27,"menu_order":3,"comment_status":"open","ping_status":"open","template":"","meta":{"ngg_post_thumbnail":0,"_monsterinsights_skip_tracking":false,"_monsterinsights_sitenote_active":false,"_monsterinsights_sitenote_note":"","_monsterinsights_sitenote_category":0},"_links":{"self":[{"href":"http:\/\/www.ja50.fr\/ja\/wp-json\/wp\/v2\/pages\/357"}],"collection":[{"href":"http:\/\/www.ja50.fr\/ja\/wp-json\/wp\/v2\/pages"}],"about":[{"href":"http:\/\/www.ja50.fr\/ja\/wp-json\/wp\/v2\/types\/page"}],"author":[{"embeddable":true,"href":"http:\/\/www.ja50.fr\/ja\/wp-json\/wp\/v2\/users\/1"}],"replies":[{"embeddable":true,"href":"http:\/\/www.ja50.fr\/ja\/wp-json\/wp\/v2\/comments?post=357"}],"version-history":[{"count":8,"href":"http:\/\/www.ja50.fr\/ja\/wp-json\/wp\/v2\/pages\/357\/revisions"}],"predecessor-version":[{"id":360,"href":"http:\/\/www.ja50.fr\/ja\/wp-json\/wp\/v2\/pages\/357\/revisions\/360"}],"up":[{"embeddable":true,"href":"http:\/\/www.ja50.fr\/ja\/wp-json\/wp\/v2\/pages\/27"}],"wp:attachment":[{"href":"http:\/\/www.ja50.fr\/ja\/wp-json\/wp\/v2\/media?parent=357"}],"curies":[{"name":"wp","href":"https:\/\/api.w.org\/{rel}","templated":true}]}}