{"id":39,"date":"2012-06-16T13:43:21","date_gmt":"2012-06-16T13:43:21","guid":{"rendered":"http:\/\/www.ja50.fr\/ja\/?page_id=39"},"modified":"2020-06-22T13:26:43","modified_gmt":"2020-06-22T13:26:43","slug":"formation","status":"publish","type":"page","link":"http:\/\/www.ja50.fr\/ja\/formation\/","title":{"rendered":"Formation"},"content":{"rendered":"<div>\n<h1>\u00ab&nbsp;Construire Demain&nbsp;\u00bb<\/h1>\n<div>\n<div>\n<p>C\u2019est le nom de la formation propos\u00e9e par les Jeunes Agriculteurs de la Manche. Il s\u2019agit d\u2019une formation se d\u00e9roulant sur une dizaines de journ\u00e9es, de d\u00e9cembre \u00e0 f\u00e9vrier, adress\u00e9e aux adh\u00e9rents des Jeunes Agriculteurs de la Manche. La session est gratuite et attire une douzaine de participants tous les ans.<\/p>\n<p>Les journ\u00e9es constituent une p\u00e9riode de rencontre et d\u2019\u00e9change entre :<\/p>\n<ul>\n<li>les jeunes agriculteurs eux-m\u00eames<\/li>\n<\/ul>\n<ul>\n<li>les jeunes agriculteurs et les responsables d\u2019OPA<\/li>\n<\/ul>\n<p>&nbsp;<\/p>\n<p>Cela leur permet aussi d\u2019\u00e9voluer au sein d\u2019un groupe solidaire. Au final, les stagiaires auront appris des techniques de communication et d\u00e9velopp\u00e9 le sens relationnel de jeunes agriculteurs.<\/p>\n<\/div>\n<\/div>\n<div>\n<h2><span style=\"text-decoration: underline;\"><strong>D\u00e9roulement de la session:<\/strong><\/span><\/h2>\n<h2><strong>La gestion de l\u2019entreprise<br \/>\n<\/strong><\/h2>\n<p>Intervention d\u2019un conseiller d\u2019entreprise.<\/p>\n<h2><strong>La connaissance des OPA<br \/>\n<\/strong><\/h2>\n<p>Rencontres et visites de partenaires du monde agricole (coop\u00e9ratives, \u00e9lus, usine, \u2026)<\/p>\n<h2><strong>Le voyage<\/strong><\/h2>\n<p>D\u00e9couverte d\u2019une autre r\u00e9gion \u00e0 travers un voyage de 3 jours en fin de session.<\/p>\n<\/div>\n<div><img loading=\"lazy\" class=\"aligncenter wp-image-1151 size-medium\" src=\"http:\/\/www.ja50.fr\/ja\/wp-content\/uploads\/2020\/06\/Groupe-Village-by-CA-300x137.png\" alt=\"\" width=\"300\" height=\"137\" srcset=\"http:\/\/www.ja50.fr\/ja\/wp-content\/uploads\/2020\/06\/Groupe-Village-by-CA-300x137.png 300w, http:\/\/www.ja50.fr\/ja\/wp-content\/uploads\/2020\/06\/Groupe-Village-by-CA-768x351.png 768w, http:\/\/www.ja50.fr\/ja\/wp-content\/uploads\/2020\/06\/Groupe-Village-by-CA-500x229.png 500w, http:\/\/www.ja50.fr\/ja\/wp-content\/uploads\/2020\/06\/Groupe-Village-by-CA.png 945w\" sizes=\"(max-width: 300px) 100vw, 300px\" \/><\/div>\n<\/div>\n","protected":false},"excerpt":{"rendered":"<p>\u00ab&nbsp;Construire Demain&nbsp;\u00bb C\u2019est le nom de la formation propos\u00e9e par les Jeunes Agriculteurs de la Manche. Il s\u2019agit d\u2019une formation se d\u00e9roulant sur une dizaines de journ\u00e9es, de d\u00e9cembre \u00e0 f\u00e9vrier, adress\u00e9e aux adh\u00e9rents des Jeunes Agriculteurs de la Manche. &hellip; <a href=\"http:\/\/www.ja50.fr\/ja\/formation\/\">Lire la suite <span class=\"meta-nav\">&rarr;<\/span><\/a><\/p>\n","protected":false},"author":1,"featured_media":0,"parent":0,"menu_order":5,"comment_status":"open","ping_status":"open","template":"","meta":{"ngg_post_thumbnail":0,"_monsterinsights_skip_tracking":false,"_monsterinsights_sitenote_active":false,"_monsterinsights_sitenote_note":"","_monsterinsights_sitenote_category":0},"_links":{"self":[{"href":"http:\/\/www.ja50.fr\/ja\/wp-json\/wp\/v2\/pages\/39"}],"collection":[{"href":"http:\/\/www.ja50.fr\/ja\/wp-json\/wp\/v2\/pages"}],"about":[{"href":"http:\/\/www.ja50.fr\/ja\/wp-json\/wp\/v2\/types\/page"}],"author":[{"embeddable":true,"href":"http:\/\/www.ja50.fr\/ja\/wp-json\/wp\/v2\/users\/1"}],"replies":[{"embeddable":true,"href":"http:\/\/www.ja50.fr\/ja\/wp-json\/wp\/v2\/comments?post=39"}],"version-history":[{"count":4,"href":"http:\/\/www.ja50.fr\/ja\/wp-json\/wp\/v2\/pages\/39\/revisions"}],"predecessor-version":[{"id":1152,"href":"http:\/\/www.ja50.fr\/ja\/wp-json\/wp\/v2\/pages\/39\/revisions\/1152"}],"wp:attachment":[{"href":"http:\/\/www.ja50.fr\/ja\/wp-json\/wp\/v2\/media?parent=39"}],"curies":[{"name":"wp","href":"https:\/\/api.w.org\/{rel}","templated":true}]}}