{"id":416,"date":"2012-10-24T10:31:11","date_gmt":"2012-10-24T10:31:11","guid":{"rendered":"http:\/\/www.ja50.fr\/ja\/?page_id=416"},"modified":"2020-06-22T14:24:09","modified_gmt":"2020-06-22T14:24:09","slug":"raconte-nous-la-ferme","status":"publish","type":"page","link":"http:\/\/www.ja50.fr\/ja\/communication\/raconte-nous-la-ferme\/","title":{"rendered":"Raconte Nous La Ferme"},"content":{"rendered":"<p style=\"text-align: justify;\">Dans le cadre de nos missions pour promouvoir le m\u00e9tier d&rsquo;agriculteur, nous nous sommes engag\u00e9s dans la Manche \u00e0 mettre en place une action s&rsquo;intitulant \u00ab\u00a0<strong><em>Raconte-Nous La Ferme<\/em><\/strong>\u00ab\u00a0. L&rsquo;objectif de cette action est de sensibiliser un public jeune au m\u00e9tier d&rsquo;agriculteur. Il s&rsquo;agit principalement de faire connaitre le m\u00e9tier, d&rsquo;en donner une image positive, et pourquoi pas, de susciter des vocations. Faire d\u00e9couvrir l&rsquo;univers de la ferme aux enfants permet aussi \u00e0 travers eux de sensibiliser leurs parents.<\/p>\n<p style=\"text-align: justify;\">Concr\u00e8tement, il s&rsquo;agit d&rsquo;un \u00e9change sur l&rsquo;ann\u00e9e scolaire entre des jeunes agriculteurs et une classe. L&rsquo;action se d\u00e9roule en plusieurs moments forts entre rencontres en classe et visites de ferme.<\/p>\n<p style=\"text-align: justify;\">De nombreux cantons des JA de la Manche ont r\u00e9alis\u00e9 l&rsquo;op\u00e9ration qui rencontre un franc succ\u00e8s !<\/p>\n","protected":false},"excerpt":{"rendered":"<p>Dans le cadre de nos missions pour promouvoir le m\u00e9tier d&rsquo;agriculteur, nous nous sommes engag\u00e9s dans la Manche \u00e0 mettre en place une action s&rsquo;intitulant \u00ab\u00a0Raconte-Nous La Ferme\u00ab\u00a0. L&rsquo;objectif de cette action est de sensibiliser un public jeune au m\u00e9tier &hellip; <a href=\"http:\/\/www.ja50.fr\/ja\/communication\/raconte-nous-la-ferme\/\">Lire la suite <span class=\"meta-nav\">&rarr;<\/span><\/a><\/p>\n","protected":false},"author":1,"featured_media":0,"parent":29,"menu_order":0,"comment_status":"open","ping_status":"open","template":"","meta":{"ngg_post_thumbnail":0,"_monsterinsights_skip_tracking":false,"_monsterinsights_sitenote_active":false,"_monsterinsights_sitenote_note":"","_monsterinsights_sitenote_category":0},"_links":{"self":[{"href":"http:\/\/www.ja50.fr\/ja\/wp-json\/wp\/v2\/pages\/416"}],"collection":[{"href":"http:\/\/www.ja50.fr\/ja\/wp-json\/wp\/v2\/pages"}],"about":[{"href":"http:\/\/www.ja50.fr\/ja\/wp-json\/wp\/v2\/types\/page"}],"author":[{"embeddable":true,"href":"http:\/\/www.ja50.fr\/ja\/wp-json\/wp\/v2\/users\/1"}],"replies":[{"embeddable":true,"href":"http:\/\/www.ja50.fr\/ja\/wp-json\/wp\/v2\/comments?post=416"}],"version-history":[{"count":6,"href":"http:\/\/www.ja50.fr\/ja\/wp-json\/wp\/v2\/pages\/416\/revisions"}],"predecessor-version":[{"id":1157,"href":"http:\/\/www.ja50.fr\/ja\/wp-json\/wp\/v2\/pages\/416\/revisions\/1157"}],"up":[{"embeddable":true,"href":"http:\/\/www.ja50.fr\/ja\/wp-json\/wp\/v2\/pages\/29"}],"wp:attachment":[{"href":"http:\/\/www.ja50.fr\/ja\/wp-json\/wp\/v2\/media?parent=416"}],"curies":[{"name":"wp","href":"https:\/\/api.w.org\/{rel}","templated":true}]}}